{"id":1811,"date":"2025-09-16T11:00:24","date_gmt":"2025-09-16T03:00:24","guid":{"rendered":"https:\/\/3drink.asia\/?post_type=product&#038;p=1811"},"modified":"2025-09-16T11:57:04","modified_gmt":"2025-09-16T03:57:04","slug":"%e7%91%9e%e5%b2%a9%e8%8c%b6%e9%9b%99%e5%93%81%e3%80%90%e7%91%9e%e5%b2%a9-%e7%b4%85%e6%b0%b4%e9%9f%bb%e3%80%91ruyan-amber-oolong-tea","status":"publish","type":"product","link":"https:\/\/3drink.asia\/zh_tw\/product\/%e7%91%9e%e5%b2%a9%e8%8c%b6%e9%9b%99%e5%93%81%e3%80%90%e7%91%9e%e5%b2%a9-%e7%b4%85%e6%b0%b4%e9%9f%bb%e3%80%91ruyan-amber-oolong-tea\/","title":{"rendered":"\u745e\u5ca9\u8336\u96d9\u54c1<br>\u3010\u745e\u5ca9 \u2022 \u7d05\u6c34\u97fb\u3011<br>RUYAN \u2013 Amber Oolong Tea"},"content":{"rendered":"<p><img fetchpriority=\"high\" decoding=\"async\" class=\"alignnone wp-image-1832 size-full\" src=\"https:\/\/3drink.asia\/wp-content\/uploads\/2025\/09\/IMG_8692-scaled.jpg\" alt=\"\" width=\"2560\" height=\"1920\" srcset=\"https:\/\/3drink.asia\/wp-content\/uploads\/2025\/09\/IMG_8692-scaled.jpg 2560w, https:\/\/3drink.asia\/wp-content\/uploads\/2025\/09\/IMG_8692-300x225.jpg 300w, https:\/\/3drink.asia\/wp-content\/uploads\/2025\/09\/IMG_8692-1024x768.jpg 1024w, https:\/\/3drink.asia\/wp-content\/uploads\/2025\/09\/IMG_8692-768x576.jpg 768w, https:\/\/3drink.asia\/wp-content\/uploads\/2025\/09\/IMG_8692-1536x1152.jpg 1536w, https:\/\/3drink.asia\/wp-content\/uploads\/2025\/09\/IMG_8692-2048x1536.jpg 2048w, https:\/\/3drink.asia\/wp-content\/uploads\/2025\/09\/IMG_8692-16x12.jpg 16w, https:\/\/3drink.asia\/wp-content\/uploads\/2025\/09\/IMG_8692-600x450.jpg 600w\" sizes=\"(max-width: 2560px) 100vw, 2560px\" \/> <img decoding=\"async\" class=\"alignnone wp-image-1833 size-full\" src=\"https:\/\/3drink.asia\/wp-content\/uploads\/2025\/09\/IMG_8769-scaled.jpg\" alt=\"\" width=\"2560\" height=\"1920\" srcset=\"https:\/\/3drink.asia\/wp-content\/uploads\/2025\/09\/IMG_8769-scaled.jpg 2560w, https:\/\/3drink.asia\/wp-content\/uploads\/2025\/09\/IMG_8769-300x225.jpg 300w, https:\/\/3drink.asia\/wp-content\/uploads\/2025\/09\/IMG_8769-1024x768.jpg 1024w, https:\/\/3drink.asia\/wp-content\/uploads\/2025\/09\/IMG_8769-768x576.jpg 768w, https:\/\/3drink.asia\/wp-content\/uploads\/2025\/09\/IMG_8769-1536x1152.jpg 1536w, https:\/\/3drink.asia\/wp-content\/uploads\/2025\/09\/IMG_8769-2048x1536.jpg 2048w, https:\/\/3drink.asia\/wp-content\/uploads\/2025\/09\/IMG_8769-16x12.jpg 16w, https:\/\/3drink.asia\/wp-content\/uploads\/2025\/09\/IMG_8769-600x450.jpg 600w\" sizes=\"(max-width: 2560px) 100vw, 2560px\" \/> <img decoding=\"async\" class=\"alignnone wp-image-1834 size-full\" src=\"https:\/\/3drink.asia\/wp-content\/uploads\/2025\/09\/IMG_8793-scaled.jpg\" alt=\"\" width=\"2560\" height=\"1920\" srcset=\"https:\/\/3drink.asia\/wp-content\/uploads\/2025\/09\/IMG_8793-scaled.jpg 2560w, https:\/\/3drink.asia\/wp-content\/uploads\/2025\/09\/IMG_8793-300x225.jpg 300w, https:\/\/3drink.asia\/wp-content\/uploads\/2025\/09\/IMG_8793-1024x768.jpg 1024w, https:\/\/3drink.asia\/wp-content\/uploads\/2025\/09\/IMG_8793-768x576.jpg 768w, https:\/\/3drink.asia\/wp-content\/uploads\/2025\/09\/IMG_8793-1536x1152.jpg 1536w, https:\/\/3drink.asia\/wp-content\/uploads\/2025\/09\/IMG_8793-2048x1536.jpg 2048w, https:\/\/3drink.asia\/wp-content\/uploads\/2025\/09\/IMG_8793-16x12.jpg 16w, https:\/\/3drink.asia\/wp-content\/uploads\/2025\/09\/IMG_8793-600x450.jpg 600w\" sizes=\"(max-width: 2560px) 100vw, 2560px\" \/> <img loading=\"lazy\" decoding=\"async\" class=\"alignnone wp-image-1835 size-full\" src=\"https:\/\/3drink.asia\/wp-content\/uploads\/2025\/09\/IMG_8812-1-scaled.jpg\" alt=\"\" width=\"2560\" height=\"1920\" srcset=\"https:\/\/3drink.asia\/wp-content\/uploads\/2025\/09\/IMG_8812-1-scaled.jpg 2560w, https:\/\/3drink.asia\/wp-content\/uploads\/2025\/09\/IMG_8812-1-300x225.jpg 300w, https:\/\/3drink.asia\/wp-content\/uploads\/2025\/09\/IMG_8812-1-1024x768.jpg 1024w, https:\/\/3drink.asia\/wp-content\/uploads\/2025\/09\/IMG_8812-1-768x576.jpg 768w, https:\/\/3drink.asia\/wp-content\/uploads\/2025\/09\/IMG_8812-1-1536x1152.jpg 1536w, https:\/\/3drink.asia\/wp-content\/uploads\/2025\/09\/IMG_8812-1-2048x1536.jpg 2048w, https:\/\/3drink.asia\/wp-content\/uploads\/2025\/09\/IMG_8812-1-16x12.jpg 16w, https:\/\/3drink.asia\/wp-content\/uploads\/2025\/09\/IMG_8812-1-600x450.jpg 600w\" sizes=\"(max-width: 2560px) 100vw, 2560px\" \/> <img loading=\"lazy\" decoding=\"async\" class=\"alignnone wp-image-1836 size-full\" src=\"https:\/\/3drink.asia\/wp-content\/uploads\/2025\/09\/\u745e\u5ca9\u30fb\u7d05\u6c34\u97fb-JPG.1-1.jpeg\" alt=\"\" width=\"1684\" height=\"1190\" srcset=\"https:\/\/3drink.asia\/wp-content\/uploads\/2025\/09\/\u745e\u5ca9\u30fb\u7d05\u6c34\u97fb-JPG.1-1.jpeg 1684w, https:\/\/3drink.asia\/wp-content\/uploads\/2025\/09\/\u745e\u5ca9\u30fb\u7d05\u6c34\u97fb-JPG.1-1-300x212.jpeg 300w, https:\/\/3drink.asia\/wp-content\/uploads\/2025\/09\/\u745e\u5ca9\u30fb\u7d05\u6c34\u97fb-JPG.1-1-1024x724.jpeg 1024w, https:\/\/3drink.asia\/wp-content\/uploads\/2025\/09\/\u745e\u5ca9\u30fb\u7d05\u6c34\u97fb-JPG.1-1-768x543.jpeg 768w, https:\/\/3drink.asia\/wp-content\/uploads\/2025\/09\/\u745e\u5ca9\u30fb\u7d05\u6c34\u97fb-JPG.1-1-1536x1085.jpeg 1536w, https:\/\/3drink.asia\/wp-content\/uploads\/2025\/09\/\u745e\u5ca9\u30fb\u7d05\u6c34\u97fb-JPG.1-1-18x12.jpeg 18w, https:\/\/3drink.asia\/wp-content\/uploads\/2025\/09\/\u745e\u5ca9\u30fb\u7d05\u6c34\u97fb-JPG.1-1-600x424.jpeg 600w\" sizes=\"(max-width: 1684px) 100vw, 1684px\" \/><\/p>\n","protected":false},"excerpt":{"rendered":"\n<div data-elementor-type=\"container\" data-elementor-id=\"1812\" class=\"elementor elementor-1812\" data-elementor-post-type=\"elementor_library\">\n<div class=\"elementor-element elementor-element-1a273d83 e-con-full e-flex e-con e-parent\" data-id=\"1a273d83\" data-element_type=\"container\" data-e-type=\"container\" data-settings=\"{&quot;background_background&quot;:&quot;classic&quot;}\">\n<div class=\"elementor-element elementor-element-48c24ae8 e-flex e-con-boxed e-con e-child\" data-id=\"48c24ae8\" data-element_type=\"container\" data-e-type=\"container\">\n<div class=\"e-con-inner\">\n<div class=\"elementor-element elementor-element-346e50af elementor-widget elementor-widget-text-editor\" data-id=\"346e50af\" data-element_type=\"widget\" data-e-type=\"widget\" data-widget_type=\"text-editor.default\">\n<p><strong>\u54c1\u8317\u5c0f\u8a9e<\/strong>\uff1a<\/p>\n<p>\u300c\u7d05\u6f64\u8336\u6e6f\uff0c\u627f\u53e4\u50b3\u4eca\uff0c\u7559\u4e00\u7e37\u6b72\u6708\u60a0\u97fb\u3002\u300d<\/p>\n<\/p><\/div>\n<div class=\"elementor-element elementor-element-540ee89c elementor-icon-list--layout-inline elementor-align-start elementor-list-item-link-full_width elementor-widget elementor-widget-icon-list\" data-id=\"540ee89c\" data-element_type=\"widget\" data-e-type=\"widget\" data-widget_type=\"icon-list.default\">\n<ul class=\"elementor-icon-list-items elementor-inline-items\">\n<li class=\"elementor-icon-list-item elementor-inline-item\">\n\t\t\t\t\t\t\t\t\t\t<span class=\"elementor-icon-list-text\"><B>\u7522 \u5730<\/B><\/span>\n\t\t\t\t\t\t\t\t\t<\/li>\n<li class=\"elementor-icon-list-item elementor-inline-item\">\n\t\t\t\t\t\t\t\t\t\t<span class=\"elementor-icon-list-text\">\u5357\u6295\u30fb\u529b\u884c\u30fb\u745e\u5ca9 \uff08\u6d77\u62d41300-1600m\uff09     <\/span>\n\t\t\t\t\t\t\t\t\t<\/li>\n<\/ul><\/div>\n<div class=\"elementor-element elementor-element-516faa54 elementor-icon-list--layout-inline elementor-align-start elementor-list-item-link-full_width elementor-widget elementor-widget-icon-list\" data-id=\"516faa54\" data-element_type=\"widget\" data-e-type=\"widget\" data-widget_type=\"icon-list.default\">\n<ul class=\"elementor-icon-list-items elementor-inline-items\">\n<li class=\"elementor-icon-list-item elementor-inline-item\">\n\t\t\t\t\t\t\t\t\t\t<span class=\"elementor-icon-list-text\"><B>\u54c1\u00a0\u7a2e<\/B><\/span>\n\t\t\t\t\t\t\t\t\t<\/li>\n<li class=\"elementor-icon-list-item elementor-inline-item\">\n\t\t\t\t\t\t\t\t\t\t<span class=\"elementor-icon-list-text\">\u624b\u6458\uff0e\u9752\u5fc3\u70cf<\/span>\n\t\t\t\t\t\t\t\t\t<\/li>\n<\/ul><\/div>\n<div class=\"elementor-element elementor-element-464753d8 e-con-full e-flex e-con e-child\" data-id=\"464753d8\" data-element_type=\"container\" data-e-type=\"container\">\n<div class=\"elementor-element elementor-element-3b5fc326 elementor-icon-list--layout-inline elementor-align-start elementor-widget__width-initial elementor-list-item-link-full_width elementor-widget elementor-widget-icon-list\" data-id=\"3b5fc326\" data-element_type=\"widget\" data-e-type=\"widget\" data-widget_type=\"icon-list.default\">\n<ul class=\"elementor-icon-list-items elementor-inline-items\">\n<li class=\"elementor-icon-list-item elementor-inline-item\">\n\t\t\t\t\t\t\t\t\t\t<span class=\"elementor-icon-list-text\"><B>\u767c\u9175\u5ea6<\/B><\/span>\n\t\t\t\t\t\t\t\t\t<\/li>\n<li class=\"elementor-icon-list-item elementor-inline-item\">\n\t\t\t\t\t\t\t\t\t\t<span class=\"elementor-icon-list-text\"><\/span>\n\t\t\t\t\t\t\t\t\t<\/li>\n<\/ul><\/div>\n<div class=\"elementor-element elementor-element-12754054 elementor-widget__width-initial elementor-absolute elementor-widget elementor-widget-image\" data-id=\"12754054\" data-element_type=\"widget\" data-e-type=\"widget\" data-settings=\"{&quot;_position&quot;:&quot;absolute&quot;}\" data-widget_type=\"image.default\">\n\t\t\t\t\t\t\t\t\t\t\t\t\t\t\t<img loading=\"lazy\" decoding=\"async\" width=\"425\" height=\"81\" src=\"https:\/\/3drink.asia\/wp-content\/uploads\/2025\/09\/\u767c\u9175\u5ea64.png\" class=\"attachment-full size-full wp-image-1816\" alt=\"\" srcset=\"https:\/\/3drink.asia\/wp-content\/uploads\/2025\/09\/\u767c\u9175\u5ea64.png 425w, https:\/\/3drink.asia\/wp-content\/uploads\/2025\/09\/\u767c\u9175\u5ea64-300x57.png 300w, https:\/\/3drink.asia\/wp-content\/uploads\/2025\/09\/\u767c\u9175\u5ea64-18x3.png 18w\" sizes=\"(max-width: 425px) 100vw, 425px\" \/>\t\t\t\t\t\t\t\t\t\t\t\t\t\t\t<\/div>\n<div class=\"elementor-element elementor-element-479a8d1 elementor-widget__width-initial elementor-absolute elementor-widget elementor-widget-image\" data-id=\"479a8d1\" data-element_type=\"widget\" data-e-type=\"widget\" data-settings=\"{&quot;_position&quot;:&quot;absolute&quot;}\" data-widget_type=\"image.default\">\n\t\t\t\t\t\t\t\t\t\t\t\t\t\t\t<img loading=\"lazy\" decoding=\"async\" width=\"81\" height=\"81\" src=\"https:\/\/3drink.asia\/wp-content\/uploads\/2025\/09\/\u767c\u9175\u5ea60.5.png\" class=\"attachment-full size-full wp-image-1817\" alt=\"\" srcset=\"https:\/\/3drink.asia\/wp-content\/uploads\/2025\/09\/\u767c\u9175\u5ea60.5.png 81w, https:\/\/3drink.asia\/wp-content\/uploads\/2025\/09\/\u767c\u9175\u5ea60.5-12x12.png 12w\" sizes=\"(max-width: 81px) 100vw, 81px\" \/>\t\t\t\t\t\t\t\t\t\t\t\t\t\t\t<\/div>\n<\/p><\/div>\n<div class=\"elementor-element elementor-element-752e63d6 elementor-icon-list--layout-inline elementor-align-start elementor-list-item-link-full_width elementor-widget elementor-widget-icon-list\" data-id=\"752e63d6\" data-element_type=\"widget\" data-e-type=\"widget\" data-widget_type=\"icon-list.default\">\n<ul class=\"elementor-icon-list-items elementor-inline-items\">\n<li class=\"elementor-icon-list-item elementor-inline-item\">\n\t\t\t\t\t\t\t\t\t\t<span class=\"elementor-icon-list-text\"><B>\u70d8\u7119\u5ea6<\/B><\/span>\n\t\t\t\t\t\t\t\t\t<\/li>\n<li class=\"elementor-icon-list-item elementor-inline-item\">\n\t\t\t\t\t\t\t\t\t\t<span class=\"elementor-icon-list-text\"><\/span>\n\t\t\t\t\t\t\t\t\t<\/li>\n<\/ul><\/div>\n<div class=\"elementor-element elementor-element-98c15e elementor-icon-list--layout-inline elementor-align-start elementor-list-item-link-full_width elementor-widget elementor-widget-icon-list\" data-id=\"98c15e\" data-element_type=\"widget\" data-e-type=\"widget\" data-widget_type=\"icon-list.default\">\n<ul class=\"elementor-icon-list-items elementor-inline-items\">\n<li class=\"elementor-icon-list-item elementor-inline-item\">\n\t\t\t\t\t\t\t\t\t\t<span class=\"elementor-icon-list-text\"><B>\u88fd  \u6cd5<\/B><\/span>\n\t\t\t\t\t\t\t\t\t<\/li>\n<li class=\"elementor-icon-list-item elementor-inline-item\">\n\t\t\t\t\t\t\t\t\t\t<span class=\"elementor-icon-list-text\">\u719f\u9999\u30fb\u7403\u578b\u70cf\u9f8d<\/span>\n\t\t\t\t\t\t\t\t\t<\/li>\n<\/ul><\/div>\n<div class=\"elementor-element elementor-element-29196deb elementor-icon-list--layout-inline elementor-align-start elementor-list-item-link-full_width elementor-widget elementor-widget-icon-list\" data-id=\"29196deb\" data-element_type=\"widget\" data-e-type=\"widget\" data-widget_type=\"icon-list.default\">\n<ul class=\"elementor-icon-list-items elementor-inline-items\">\n<li class=\"elementor-icon-list-item elementor-inline-item\">\n\t\t\t\t\t\t\t\t\t\t<span class=\"elementor-icon-list-text\"><B>\u98a8  \u5473<\/B><\/span>\n\t\t\t\t\t\t\t\t\t<\/li>\n<li class=\"elementor-icon-list-item elementor-inline-item\">\n\t\t\t\t\t\t\t\t\t\t<span class=\"elementor-icon-list-text\">\u8336\u6e6f\u7d05\u6f64\u4f3c\u7425\u73c0\uff0c\u9999\u6c23\u4ecb\u65bc\u51fa\u6de1\u6de1\u719f\u679c\u9999\u8207\u9ea5\u82bd\u7cd6\u9999\u4e4b\u9593\uff0c\u5165\u53e3\u5589\u97fb\u5713\u6f64\u6ed1\u5ae9\uff0c\u6566\u539a\u7518\u751c\uff0c\u5c3e\u97fb\u5e36\u8457\u53e4\u6cd5\u7559\u4e0b\u7684\u60a0\u9060\u8336\u9999\u6c23\u606f\uff0c\u5fc3\u751f\u6b61\u559c\u3002<\/span>\n\t\t\t\t\t\t\t\t\t<\/li>\n<\/ul><\/div>\n<div class=\"elementor-element elementor-element-5e29ed0 elementor-icon-list--layout-inline elementor-align-start elementor-list-item-link-full_width elementor-widget elementor-widget-icon-list\" data-id=\"5e29ed0\" data-element_type=\"widget\" data-e-type=\"widget\" data-widget_type=\"icon-list.default\">\n<ul class=\"elementor-icon-list-items elementor-inline-items\">\n<li class=\"elementor-icon-list-item elementor-inline-item\">\n\t\t\t\t\t\t\t\t\t\t<span class=\"elementor-icon-list-text\"><B>\u7279  \u8272<\/B><\/span>\n\t\t\t\t\t\t\t\t\t<\/li>\n<li class=\"elementor-icon-list-item elementor-inline-item\">\n\t\t\t\t\t\t\t\t\t\t<span class=\"elementor-icon-list-text\">\u539f\u59cb\u6797\u5b55\u80b2\uff0c\u65e5\u591c\u96f2\u9727\uff0c\u8336\u6a39\u6c72\u53d6\u5c71\u8c37\u9748\u6c23\uff0c\u751f\u614b\u7d14\u6de8\u7121\u6c61\u67d3\u3002<\/span>\n\t\t\t\t\t\t\t\t\t<\/li>\n<\/ul><\/div>\n<div class=\"elementor-element elementor-element-6739e48 elementor-icon-list--layout-inline elementor-align-start elementor-list-item-link-full_width elementor-widget elementor-widget-icon-list\" data-id=\"6739e48\" data-element_type=\"widget\" data-e-type=\"widget\" data-widget_type=\"icon-list.default\">\n<ul class=\"elementor-icon-list-items elementor-inline-items\">\n<li class=\"elementor-icon-list-item elementor-inline-item\">\n\t\t\t\t\t\t\t\t\t\t<span class=\"elementor-icon-list-text\"><B>\u540d\u7a31\u7531\u4f86<\/B><\/span>\n\t\t\t\t\t\t\t\t\t<\/li>\n<li class=\"elementor-icon-list-item elementor-inline-item\">\n\t\t\t\t\t\t\t\t\t\t<span class=\"elementor-icon-list-text\">\u7d05\u6c34\u70cf\u9f8d\uff08\u81fa\u8a9e\uff1a\u00e2ng-tsu\u00ed-oo-li\u00f4ng\uff09\uff0c\u53c8\u7a31\u300c\u7d05\u6c34\u89c0\u97f3\u300d\uff0c\u5c6c\u53f0\u7063\u50b3\u7d71\u70cf\u9f8d\u8336\u88fd\u6cd5\u5de5\u85dd\uff0c\u88fd\u8336\u624b\u85dd\u8981\u6c42\u9ad8\u3002\u4ee5\u8f03\u6210\u719f\u8336\u83c1\u88fd\u6210\uff0c\u63a1\u4e2d\u81f3\u91cd\u5ea6\u767c\u9175\u3001\u8f15\u7119\u706b\u5de5\u85dd\uff0c\u8336\u6e6f\u8272\u6fa4\u91d1\u9ec3\u81f3\u7d05\u6f64\u3002\u7279\u8272\u5728\u65bc\u679c\u9999\u8207\u82b1\u9999\u4ea4\u878d\uff0c\u5589\u97fb\u6df1\u539a\uff0c\u53e4\u97fb\u60a0\u9577\uff0c\u9069\u5408\u4e45\u653e\u9673\u5316\u3002<\/span>\n\t\t\t\t\t\t\t\t\t<\/li>\n<\/ul><\/div>\n<\/p><\/div>\n<\/p><\/div>\n<\/p><\/div>\n<\/p><\/div>\n","protected":false},"featured_media":1831,"comment_status":"open","ping_status":"closed","template":"","meta":[],"product_brand":[],"product_cat":[26],"product_tag":[],"class_list":{"0":"post-1811","1":"product","2":"type-product","3":"status-publish","4":"has-post-thumbnail","6":"product_cat-26","8":"first","9":"instock","10":"shipping-taxable","11":"purchasable","12":"product-type-variable"},"_links":{"self":[{"href":"https:\/\/3drink.asia\/zh_tw\/wp-json\/wp\/v2\/product\/1811","targetHints":{"allow":["GET"]}}],"collection":[{"href":"https:\/\/3drink.asia\/zh_tw\/wp-json\/wp\/v2\/product"}],"about":[{"href":"https:\/\/3drink.asia\/zh_tw\/wp-json\/wp\/v2\/types\/product"}],"replies":[{"embeddable":true,"href":"https:\/\/3drink.asia\/zh_tw\/wp-json\/wp\/v2\/comments?post=1811"}],"wp:featuredmedia":[{"embeddable":true,"href":"https:\/\/3drink.asia\/zh_tw\/wp-json\/wp\/v2\/media\/1831"}],"wp:attachment":[{"href":"https:\/\/3drink.asia\/zh_tw\/wp-json\/wp\/v2\/media?parent=1811"}],"wp:term":[{"taxonomy":"product_brand","embeddable":true,"href":"https:\/\/3drink.asia\/zh_tw\/wp-json\/wp\/v2\/product_brand?post=1811"},{"taxonomy":"product_cat","embeddable":true,"href":"https:\/\/3drink.asia\/zh_tw\/wp-json\/wp\/v2\/product_cat?post=1811"},{"taxonomy":"product_tag","embeddable":true,"href":"https:\/\/3drink.asia\/zh_tw\/wp-json\/wp\/v2\/product_tag?post=1811"}],"curies":[{"name":"wp","href":"https:\/\/api.w.org\/{rel}","templated":true}]}}