{"id":1811,"date":"2025-09-16T11:00:24","date_gmt":"2025-09-16T03:00:24","guid":{"rendered":"https:\/\/3drink.asia\/?post_type=product&#038;p=1811"},"modified":"2025-09-16T11:57:04","modified_gmt":"2025-09-16T03:57:04","slug":"%e7%91%9e%e5%b2%a9%e8%8c%b6%e9%9b%99%e5%93%81%e3%80%90%e7%91%9e%e5%b2%a9-%e7%b4%85%e6%b0%b4%e9%9f%bb%e3%80%91ruyan-amber-oolong-tea","status":"publish","type":"product","link":"https:\/\/3drink.asia\/ja\/product\/%e7%91%9e%e5%b2%a9%e8%8c%b6%e9%9b%99%e5%93%81%e3%80%90%e7%91%9e%e5%b2%a9-%e7%b4%85%e6%b0%b4%e9%9f%bb%e3%80%91ruyan-amber-oolong-tea\/","title":{"rendered":"\u745e\u5ca9\u8336 \u30c0\u30d6\u30eb\u30b0\u30ec\u30fc\u30c9<br>\u3010\u745e\u5ca9\u30fb\u7d05\u6c34\u5fa1\u5b88\u3011<br>RUYAN - \u7425\u73c0\u70cf\u9f8d\u8336"},"content":{"rendered":"<p><img fetchpriority=\"high\" decoding=\"async\" class=\"alignnone wp-image-1832 size-full\" src=\"https:\/\/3drink.asia\/wp-content\/uploads\/2025\/09\/IMG_8692-scaled.jpg\" alt=\"\" width=\"2560\" height=\"1920\" srcset=\"https:\/\/3drink.asia\/wp-content\/uploads\/2025\/09\/IMG_8692-scaled.jpg 2560w, https:\/\/3drink.asia\/wp-content\/uploads\/2025\/09\/IMG_8692-300x225.jpg 300w, https:\/\/3drink.asia\/wp-content\/uploads\/2025\/09\/IMG_8692-1024x768.jpg 1024w, https:\/\/3drink.asia\/wp-content\/uploads\/2025\/09\/IMG_8692-768x576.jpg 768w, https:\/\/3drink.asia\/wp-content\/uploads\/2025\/09\/IMG_8692-1536x1152.jpg 1536w, https:\/\/3drink.asia\/wp-content\/uploads\/2025\/09\/IMG_8692-2048x1536.jpg 2048w, https:\/\/3drink.asia\/wp-content\/uploads\/2025\/09\/IMG_8692-16x12.jpg 16w, https:\/\/3drink.asia\/wp-content\/uploads\/2025\/09\/IMG_8692-600x450.jpg 600w\" sizes=\"(max-width: 2560px) 100vw, 2560px\" \/> <img decoding=\"async\" class=\"alignnone wp-image-1833 size-full\" src=\"https:\/\/3drink.asia\/wp-content\/uploads\/2025\/09\/IMG_8769-scaled.jpg\" alt=\"\" width=\"2560\" height=\"1920\" srcset=\"https:\/\/3drink.asia\/wp-content\/uploads\/2025\/09\/IMG_8769-scaled.jpg 2560w, https:\/\/3drink.asia\/wp-content\/uploads\/2025\/09\/IMG_8769-300x225.jpg 300w, https:\/\/3drink.asia\/wp-content\/uploads\/2025\/09\/IMG_8769-1024x768.jpg 1024w, https:\/\/3drink.asia\/wp-content\/uploads\/2025\/09\/IMG_8769-768x576.jpg 768w, https:\/\/3drink.asia\/wp-content\/uploads\/2025\/09\/IMG_8769-1536x1152.jpg 1536w, https:\/\/3drink.asia\/wp-content\/uploads\/2025\/09\/IMG_8769-2048x1536.jpg 2048w, https:\/\/3drink.asia\/wp-content\/uploads\/2025\/09\/IMG_8769-16x12.jpg 16w, https:\/\/3drink.asia\/wp-content\/uploads\/2025\/09\/IMG_8769-600x450.jpg 600w\" sizes=\"(max-width: 2560px) 100vw, 2560px\" \/> <img decoding=\"async\" class=\"alignnone wp-image-1834 size-full\" src=\"https:\/\/3drink.asia\/wp-content\/uploads\/2025\/09\/IMG_8793-scaled.jpg\" alt=\"\" width=\"2560\" height=\"1920\" srcset=\"https:\/\/3drink.asia\/wp-content\/uploads\/2025\/09\/IMG_8793-scaled.jpg 2560w, https:\/\/3drink.asia\/wp-content\/uploads\/2025\/09\/IMG_8793-300x225.jpg 300w, https:\/\/3drink.asia\/wp-content\/uploads\/2025\/09\/IMG_8793-1024x768.jpg 1024w, https:\/\/3drink.asia\/wp-content\/uploads\/2025\/09\/IMG_8793-768x576.jpg 768w, https:\/\/3drink.asia\/wp-content\/uploads\/2025\/09\/IMG_8793-1536x1152.jpg 1536w, https:\/\/3drink.asia\/wp-content\/uploads\/2025\/09\/IMG_8793-2048x1536.jpg 2048w, https:\/\/3drink.asia\/wp-content\/uploads\/2025\/09\/IMG_8793-16x12.jpg 16w, https:\/\/3drink.asia\/wp-content\/uploads\/2025\/09\/IMG_8793-600x450.jpg 600w\" sizes=\"(max-width: 2560px) 100vw, 2560px\" \/> <img loading=\"lazy\" decoding=\"async\" class=\"alignnone wp-image-1835 size-full\" src=\"https:\/\/3drink.asia\/wp-content\/uploads\/2025\/09\/IMG_8812-1-scaled.jpg\" alt=\"\" width=\"2560\" height=\"1920\" srcset=\"https:\/\/3drink.asia\/wp-content\/uploads\/2025\/09\/IMG_8812-1-scaled.jpg 2560w, https:\/\/3drink.asia\/wp-content\/uploads\/2025\/09\/IMG_8812-1-300x225.jpg 300w, https:\/\/3drink.asia\/wp-content\/uploads\/2025\/09\/IMG_8812-1-1024x768.jpg 1024w, https:\/\/3drink.asia\/wp-content\/uploads\/2025\/09\/IMG_8812-1-768x576.jpg 768w, https:\/\/3drink.asia\/wp-content\/uploads\/2025\/09\/IMG_8812-1-1536x1152.jpg 1536w, https:\/\/3drink.asia\/wp-content\/uploads\/2025\/09\/IMG_8812-1-2048x1536.jpg 2048w, https:\/\/3drink.asia\/wp-content\/uploads\/2025\/09\/IMG_8812-1-16x12.jpg 16w, https:\/\/3drink.asia\/wp-content\/uploads\/2025\/09\/IMG_8812-1-600x450.jpg 600w\" sizes=\"(max-width: 2560px) 100vw, 2560px\" \/> <img loading=\"lazy\" decoding=\"async\" class=\"alignnone wp-image-1836 size-full\" src=\"https:\/\/3drink.asia\/wp-content\/uploads\/2025\/09\/\u745e\u5ca9\u30fb\u7d05\u6c34\u97fb-JPG.1-1.jpeg\" alt=\"\" width=\"1684\" height=\"1190\" srcset=\"https:\/\/3drink.asia\/wp-content\/uploads\/2025\/09\/\u745e\u5ca9\u30fb\u7d05\u6c34\u97fb-JPG.1-1.jpeg 1684w, https:\/\/3drink.asia\/wp-content\/uploads\/2025\/09\/\u745e\u5ca9\u30fb\u7d05\u6c34\u97fb-JPG.1-1-300x212.jpeg 300w, https:\/\/3drink.asia\/wp-content\/uploads\/2025\/09\/\u745e\u5ca9\u30fb\u7d05\u6c34\u97fb-JPG.1-1-1024x724.jpeg 1024w, https:\/\/3drink.asia\/wp-content\/uploads\/2025\/09\/\u745e\u5ca9\u30fb\u7d05\u6c34\u97fb-JPG.1-1-768x543.jpeg 768w, https:\/\/3drink.asia\/wp-content\/uploads\/2025\/09\/\u745e\u5ca9\u30fb\u7d05\u6c34\u97fb-JPG.1-1-1536x1085.jpeg 1536w, https:\/\/3drink.asia\/wp-content\/uploads\/2025\/09\/\u745e\u5ca9\u30fb\u7d05\u6c34\u97fb-JPG.1-1-18x12.jpeg 18w, https:\/\/3drink.asia\/wp-content\/uploads\/2025\/09\/\u745e\u5ca9\u30fb\u7d05\u6c34\u97fb-JPG.1-1-600x424.jpeg 600w\" sizes=\"(max-width: 1684px) 100vw, 1684px\" \/><\/p>","protected":false},"excerpt":{"rendered":"<div data-elementor-type=\"container\" data-elementor-id=\"1812\" class=\"elementor elementor-1812\" data-elementor-post-type=\"elementor_library\">\n<div class=\"elementor-element elementor-element-1a273d83 e-con-full e-flex e-con e-parent\" data-id=\"1a273d83\" data-element_type=\"container\" data-e-type=\"container\" data-settings=\"{&quot;background_background&quot;:&quot;classic&quot;}\">\n<div class=\"elementor-element elementor-element-48c24ae8 e-flex e-con-boxed e-con e-child\" data-id=\"48c24ae8\" data-element_type=\"container\" data-e-type=\"container\">\n<div class=\"e-con-inner\">\n<div class=\"elementor-element elementor-element-346e50af elementor-widget elementor-widget-text-editor\" data-id=\"346e50af\" data-element_type=\"widget\" data-e-type=\"widget\" data-widget_type=\"text-editor.default\">\n<p><strong>\u304a\u8336\u306e\u30c6\u30a4\u30b9\u30c6\u30a3\u30f3\u30b0\u30ce\u30fc\u30c8<\/strong>\uff1a<\/p>\n<p>\u300c\u30d0\u30e9\u8272\u306e\u8336\u6e6f\u306f\u3001\u904e\u53bb\u3092\u53d7\u3051\u7d99\u304e\u3001\u73fe\u5728\u306b\u4f1d\u3048\u3001\u6642\u4ee3\u306e\u9b45\u529b\u3092\u5c11\u3057\u6b8b\u3057\u3066\u3044\u307e\u3059\u3002\u300d<\/p>\n<\/p><\/div>\n<div class=\"elementor-element elementor-element-540ee89c elementor-icon-list--layout-inline elementor-align-start elementor-list-item-link-full_width elementor-widget elementor-widget-icon-list\" data-id=\"540ee89c\" data-element_type=\"widget\" data-e-type=\"widget\" data-widget_type=\"icon-list.default\">\n<ul class=\"elementor-icon-list-items elementor-inline-items\">\n<li class=\"elementor-icon-list-item elementor-inline-item\">\n\t\t\t\t\t\t\t\t\t\t<span class=\"elementor-icon-list-text\"><b>\u539f\u7523\u5730<\/b><\/span>\n\t\t\t\t\t\t\t\t\t<\/li>\n<li class=\"elementor-icon-list-item elementor-inline-item\">\n\t\t\t\t\t\t\t\t\t\t<span class=\"elementor-icon-list-text\">\u5357\u6295\u3001\u9ece\u661f\u3001\u745e\u5ca9\uff08\u6a19\u9ad81300\uff5e1600m\uff09     <\/span>\n\t\t\t\t\t\t\t\t\t<\/li>\n<\/ul><\/div>\n<div class=\"elementor-element elementor-element-516faa54 elementor-icon-list--layout-inline elementor-align-start elementor-list-item-link-full_width elementor-widget elementor-widget-icon-list\" data-id=\"516faa54\" data-element_type=\"widget\" data-e-type=\"widget\" data-widget_type=\"icon-list.default\">\n<ul class=\"elementor-icon-list-items elementor-inline-items\">\n<li class=\"elementor-icon-list-item elementor-inline-item\">\n\t\t\t\t\t\t\t\t\t\t<span class=\"elementor-icon-list-text\"><b>\u54c1\u7a2e<\/b><\/span>\n\t\t\t\t\t\t\t\t\t<\/li>\n<li class=\"elementor-icon-list-item elementor-inline-item\">\n\t\t\t\t\t\t\t\t\t\t<span class=\"elementor-icon-list-text\">\u624b\u6458\u307f\u3002\u30b0\u30ea\u30fc\u30f3\u30cf\u30fc\u30c8\u306e\u30d6\u30e9\u30c3\u30af\u3002<\/span>\n\t\t\t\t\t\t\t\t\t<\/li>\n<\/ul><\/div>\n<div class=\"elementor-element elementor-element-464753d8 e-con-full e-flex e-con e-child\" data-id=\"464753d8\" data-element_type=\"container\" data-e-type=\"container\">\n<div class=\"elementor-element elementor-element-3b5fc326 elementor-icon-list--layout-inline elementor-align-start elementor-widget__width-initial elementor-list-item-link-full_width elementor-widget elementor-widget-icon-list\" data-id=\"3b5fc326\" data-element_type=\"widget\" data-e-type=\"widget\" data-widget_type=\"icon-list.default\">\n<ul class=\"elementor-icon-list-items elementor-inline-items\">\n<li class=\"elementor-icon-list-item elementor-inline-item\">\n\t\t\t\t\t\t\t\t\t\t<span class=\"elementor-icon-list-text\"><b>\u767a\u9175\u5ea6<\/b><\/span>\n\t\t\t\t\t\t\t\t\t<\/li>\n<li class=\"elementor-icon-list-item elementor-inline-item\">\n\t\t\t\t\t\t\t\t\t\t<span class=\"elementor-icon-list-text\"><\/span>\n\t\t\t\t\t\t\t\t\t<\/li>\n<\/ul><\/div>\n<div class=\"elementor-element elementor-element-12754054 elementor-widget__width-initial elementor-absolute elementor-widget elementor-widget-image\" data-id=\"12754054\" data-element_type=\"widget\" data-e-type=\"widget\" data-settings=\"{&quot;_position&quot;:&quot;absolute&quot;}\" data-widget_type=\"image.default\">\n\t\t\t\t\t\t\t\t\t\t\t\t\t\t\t<img loading=\"lazy\" decoding=\"async\" width=\"425\" height=\"81\" src=\"https:\/\/3drink.asia\/wp-content\/uploads\/2025\/09\/\u767c\u9175\u5ea64.png\" class=\"attachment-full size-full wp-image-1816\" alt=\"\" srcset=\"https:\/\/3drink.asia\/wp-content\/uploads\/2025\/09\/\u767c\u9175\u5ea64.png 425w, https:\/\/3drink.asia\/wp-content\/uploads\/2025\/09\/\u767c\u9175\u5ea64-300x57.png 300w, https:\/\/3drink.asia\/wp-content\/uploads\/2025\/09\/\u767c\u9175\u5ea64-18x3.png 18w\" sizes=\"(max-width: 425px) 100vw, 425px\" \/>\t\t\t\t\t\t\t\t\t\t\t\t\t\t\t<\/div>\n<div class=\"elementor-element elementor-element-479a8d1 elementor-widget__width-initial elementor-absolute elementor-widget elementor-widget-image\" data-id=\"479a8d1\" data-element_type=\"widget\" data-e-type=\"widget\" data-settings=\"{&quot;_position&quot;:&quot;absolute&quot;}\" data-widget_type=\"image.default\">\n\t\t\t\t\t\t\t\t\t\t\t\t\t\t\t<img loading=\"lazy\" decoding=\"async\" width=\"81\" height=\"81\" src=\"https:\/\/3drink.asia\/wp-content\/uploads\/2025\/09\/\u767c\u9175\u5ea60.5.png\" class=\"attachment-full size-full wp-image-1817\" alt=\"\" srcset=\"https:\/\/3drink.asia\/wp-content\/uploads\/2025\/09\/\u767c\u9175\u5ea60.5.png 81w, https:\/\/3drink.asia\/wp-content\/uploads\/2025\/09\/\u767c\u9175\u5ea60.5-12x12.png 12w\" sizes=\"(max-width: 81px) 100vw, 81px\" \/>\t\t\t\t\t\t\t\t\t\t\t\t\t\t\t<\/div>\n<\/p><\/div>\n<div class=\"elementor-element elementor-element-752e63d6 elementor-icon-list--layout-inline elementor-align-start elementor-list-item-link-full_width elementor-widget elementor-widget-icon-list\" data-id=\"752e63d6\" data-element_type=\"widget\" data-e-type=\"widget\" data-widget_type=\"icon-list.default\">\n<ul class=\"elementor-icon-list-items elementor-inline-items\">\n<li class=\"elementor-icon-list-item elementor-inline-item\">\n\t\t\t\t\t\t\t\t\t\t<span class=\"elementor-icon-list-text\"><b>\u713c\u304d\u52a0\u6e1b<\/b><\/span>\n\t\t\t\t\t\t\t\t\t<\/li>\n<li class=\"elementor-icon-list-item elementor-inline-item\">\n\t\t\t\t\t\t\t\t\t\t<span class=\"elementor-icon-list-text\"><\/span>\n\t\t\t\t\t\t\t\t\t<\/li>\n<\/ul><\/div>\n<div class=\"elementor-element elementor-element-98c15e elementor-icon-list--layout-inline elementor-align-start elementor-list-item-link-full_width elementor-widget elementor-widget-icon-list\" data-id=\"98c15e\" data-element_type=\"widget\" data-e-type=\"widget\" data-widget_type=\"icon-list.default\">\n<ul class=\"elementor-icon-list-items elementor-inline-items\">\n<li class=\"elementor-icon-list-item elementor-inline-item\">\n\t\t\t\t\t\t\t\t\t\t<span class=\"elementor-icon-list-text\"><b>\u88fd\u9020\u65b9\u6cd5<\/b><\/span>\n\t\t\t\t\t\t\t\t\t<\/li>\n<li class=\"elementor-icon-list-item elementor-inline-item\">\n\t\t\t\t\t\t\t\t\t\t<span class=\"elementor-icon-list-text\">\u5b8c\u719f\u9999\u308b\u7403\u72b6\u30a6\u30fc\u30ed\u30f3\u8336<\/span>\n\t\t\t\t\t\t\t\t\t<\/li>\n<\/ul><\/div>\n<div class=\"elementor-element elementor-element-29196deb elementor-icon-list--layout-inline elementor-align-start elementor-list-item-link-full_width elementor-widget elementor-widget-icon-list\" data-id=\"29196deb\" data-element_type=\"widget\" data-e-type=\"widget\" data-widget_type=\"icon-list.default\">\n<ul class=\"elementor-icon-list-items elementor-inline-items\">\n<li class=\"elementor-icon-list-item elementor-inline-item\">\n\t\t\t\t\t\t\t\t\t\t<span class=\"elementor-icon-list-text\"><b>\u98a8\u5473<\/b><\/span>\n\t\t\t\t\t\t\t\t\t<\/li>\n<li class=\"elementor-icon-list-item elementor-inline-item\">\n\t\t\t\t\t\t\t\t\t\t<span class=\"elementor-icon-list-text\">\u8336\u8449\u306f\u7425\u73c0\u8272\u306e\u3088\u3046\u306a\u8d64\u8910\u8272\u3067\u3001\u719f\u3057\u305f\u679c\u5b9f\u306e\u307b\u306e\u304b\u306a\u9999\u308a\u3068\u9ea6\u82bd\u7cd6\u306e\u9999\u308a\u304c\u6df7\u3056\u308a\u5408\u3063\u305f\u3088\u3046\u306a\u9999\u308a\u304c\u6f02\u3044\u307e\u3059\u3002\u53e3\u5f53\u305f\u308a\u306f\u6ed1\u3089\u304b\u3067\u67d4\u3089\u304b\u304f\u3001\u5f8c\u5473\u306f\u307e\u308d\u3084\u304b\u3067\u7518\u304f\u3001\u53e4\u5f0f\u3086\u304b\u3057\u3044\u88fd\u6cd5\u3067\u4f5c\u3089\u308c\u305f\u304a\u8336\u306e\u4f59\u97fb\u304c\u9577\u304f\u6b8b\u308a\u3001\u5fc3\u6e29\u307e\u308b\u5473\u308f\u3044\u3067\u3059\u3002<\/span>\n\t\t\t\t\t\t\t\t\t<\/li>\n<\/ul><\/div>\n<div class=\"elementor-element elementor-element-5e29ed0 elementor-icon-list--layout-inline elementor-align-start elementor-list-item-link-full_width elementor-widget elementor-widget-icon-list\" data-id=\"5e29ed0\" data-element_type=\"widget\" data-e-type=\"widget\" data-widget_type=\"icon-list.default\">\n<ul class=\"elementor-icon-list-items elementor-inline-items\">\n<li class=\"elementor-icon-list-item elementor-inline-item\">\n\t\t\t\t\t\t\t\t\t\t<span class=\"elementor-icon-list-text\"><b>\u7279\u5fb4<\/b><\/span>\n\t\t\t\t\t\t\t\t\t<\/li>\n<li class=\"elementor-icon-list-item elementor-inline-item\">\n\t\t\t\t\t\t\t\t\t\t<span class=\"elementor-icon-list-text\">\u539f\u751f\u6797\u306b\u80b2\u307e\u308c\u3001\u663c\u591c\u3092\u554f\u308f\u305a\u9727\u306b\u5305\u307e\u308c\u305f\u8336\u306e\u6728\u306f\u3001\u6e13\u8c37\u306e\u30a8\u30c3\u30bb\u30f3\u30b9\u3092\u5438\u53ce\u3057\u3001\u7d14\u7c8b\u3067\u6c5a\u67d3\u3055\u308c\u3066\u3044\u306a\u3044\u751f\u614b\u7cfb\u3092\u4f5c\u308a\u51fa\u3057\u3066\u3044\u307e\u3059\u3002<\/span>\n\t\t\t\t\t\t\t\t\t<\/li>\n<\/ul><\/div>\n<div class=\"elementor-element elementor-element-6739e48 elementor-icon-list--layout-inline elementor-align-start elementor-list-item-link-full_width elementor-widget elementor-widget-icon-list\" data-id=\"6739e48\" data-element_type=\"widget\" data-e-type=\"widget\" data-widget_type=\"icon-list.default\">\n<ul class=\"elementor-icon-list-items elementor-inline-items\">\n<li class=\"elementor-icon-list-item elementor-inline-item\">\n\t\t\t\t\t\t\t\t\t\t<span class=\"elementor-icon-list-text\"><b>\u540d\u524d\u306e\u7531\u6765<\/b><\/span>\n\t\t\t\t\t\t\t\t\t<\/li>\n<li class=\"elementor-icon-list-item elementor-inline-item\">\n\t\t\t\t\t\t\t\t\t\t<span class=\"elementor-icon-list-text\">\u7d05\u6c34\u70cf\u9f8d\u8336\uff08\u53f0\u6e7e\u8a9e\uff1a\u00e2ng-tsu\u00ed-oo-li\u00f4ng\uff09\u3001\u5225\u540d\u300c\u7d05\u6c34\u89b3\u97f3\u300d\u306f\u3001\u9ad8\u5ea6\u306a\u6280\u8853\u3092\u7528\u3044\u3066\u4f5c\u3089\u308c\u308b\u4f1d\u7d71\u7684\u306a\u53f0\u6e7e\u70cf\u9f8d\u8336\u3067\u3059\u3002\u6210\u719f\u3057\u305f\u8336\u8449\u3092\u4e2d\u6df1\u767a\u9175\u3001\u6d45\u714e\u308a\u3059\u308b\u3053\u3068\u3067\u3001\u9ec4\u91d1\u8272\u304b\u3089\u8d64\u8910\u8272\u306e\u8336\u6db2\u304c\u751f\u307e\u308c\u307e\u3059\u3002\u30d5\u30eb\u30fc\u30c6\u30a3\u30fc\u3067\u30d5\u30ed\u30fc\u30e9\u30eb\u306a\u9999\u308a\u304c\u6eb6\u3051\u5408\u3044\u3001\u6df1\u304f\u9577\u304f\u7d9a\u304f\u4f59\u97fb\u3001\u305d\u3057\u3066\u82b3\u9187\u306a\u719f\u6210\u611f\u304c\u7279\u5fb4\u3067\u3001\u9577\u671f\u719f\u6210\u306b\u9069\u3057\u3066\u3044\u307e\u3059\u3002<\/span>\n\t\t\t\t\t\t\t\t\t<\/li>\n<\/ul><\/div>\n<\/p><\/div>\n<\/p><\/div>\n<\/p><\/div>\n<\/p><\/div>","protected":false},"featured_media":1831,"comment_status":"open","ping_status":"closed","template":"","meta":[],"product_brand":[],"product_cat":[26],"product_tag":[],"class_list":{"0":"post-1811","1":"product","2":"type-product","3":"status-publish","4":"has-post-thumbnail","6":"product_cat-26","8":"first","9":"instock","10":"shipping-taxable","11":"purchasable","12":"product-type-variable"},"_links":{"self":[{"href":"https:\/\/3drink.asia\/ja\/wp-json\/wp\/v2\/product\/1811","targetHints":{"allow":["GET"]}}],"collection":[{"href":"https:\/\/3drink.asia\/ja\/wp-json\/wp\/v2\/product"}],"about":[{"href":"https:\/\/3drink.asia\/ja\/wp-json\/wp\/v2\/types\/product"}],"replies":[{"embeddable":true,"href":"https:\/\/3drink.asia\/ja\/wp-json\/wp\/v2\/comments?post=1811"}],"wp:featuredmedia":[{"embeddable":true,"href":"https:\/\/3drink.asia\/ja\/wp-json\/wp\/v2\/media\/1831"}],"wp:attachment":[{"href":"https:\/\/3drink.asia\/ja\/wp-json\/wp\/v2\/media?parent=1811"}],"wp:term":[{"taxonomy":"product_brand","embeddable":true,"href":"https:\/\/3drink.asia\/ja\/wp-json\/wp\/v2\/product_brand?post=1811"},{"taxonomy":"product_cat","embeddable":true,"href":"https:\/\/3drink.asia\/ja\/wp-json\/wp\/v2\/product_cat?post=1811"},{"taxonomy":"product_tag","embeddable":true,"href":"https:\/\/3drink.asia\/ja\/wp-json\/wp\/v2\/product_tag?post=1811"}],"curies":[{"name":"wp","href":"https:\/\/api.w.org\/{rel}","templated":true}]}}