{"id":1811,"date":"2025-09-16T11:00:24","date_gmt":"2025-09-16T03:00:24","guid":{"rendered":"https:\/\/3drink.asia\/?post_type=product&#038;p=1811"},"modified":"2025-09-16T11:57:04","modified_gmt":"2025-09-16T03:57:04","slug":"%e7%91%9e%e5%b2%a9%e8%8c%b6%e9%9b%99%e5%93%81%e3%80%90%e7%91%9e%e5%b2%a9-%e7%b4%85%e6%b0%b4%e9%9f%bb%e3%80%91ruyan-amber-oolong-tea","status":"publish","type":"product","link":"https:\/\/3drink.asia\/eng\/product\/%e7%91%9e%e5%b2%a9%e8%8c%b6%e9%9b%99%e5%93%81%e3%80%90%e7%91%9e%e5%b2%a9-%e7%b4%85%e6%b0%b4%e9%9f%bb%e3%80%91ruyan-amber-oolong-tea\/","title":{"rendered":"Ruiyan Tea Double Grade<br>\u3010Amber Oolong Tea\u3011<br>RUYAN - Amber Oolong Tea"},"content":{"rendered":"<p><img fetchpriority=\"high\" decoding=\"async\" class=\"alignnone wp-image-1832 size-full\" src=\"https:\/\/3drink.asia\/wp-content\/uploads\/2025\/09\/IMG_8692-scaled.jpg\" alt=\"\" width=\"2560\" height=\"1920\" srcset=\"https:\/\/3drink.asia\/wp-content\/uploads\/2025\/09\/IMG_8692-scaled.jpg 2560w, https:\/\/3drink.asia\/wp-content\/uploads\/2025\/09\/IMG_8692-300x225.jpg 300w, https:\/\/3drink.asia\/wp-content\/uploads\/2025\/09\/IMG_8692-1024x768.jpg 1024w, https:\/\/3drink.asia\/wp-content\/uploads\/2025\/09\/IMG_8692-768x576.jpg 768w, https:\/\/3drink.asia\/wp-content\/uploads\/2025\/09\/IMG_8692-1536x1152.jpg 1536w, https:\/\/3drink.asia\/wp-content\/uploads\/2025\/09\/IMG_8692-2048x1536.jpg 2048w, https:\/\/3drink.asia\/wp-content\/uploads\/2025\/09\/IMG_8692-16x12.jpg 16w, https:\/\/3drink.asia\/wp-content\/uploads\/2025\/09\/IMG_8692-600x450.jpg 600w\" sizes=\"(max-width: 2560px) 100vw, 2560px\" \/> <img decoding=\"async\" class=\"alignnone wp-image-1833 size-full\" src=\"https:\/\/3drink.asia\/wp-content\/uploads\/2025\/09\/IMG_8769-scaled.jpg\" alt=\"\" width=\"2560\" height=\"1920\" srcset=\"https:\/\/3drink.asia\/wp-content\/uploads\/2025\/09\/IMG_8769-scaled.jpg 2560w, https:\/\/3drink.asia\/wp-content\/uploads\/2025\/09\/IMG_8769-300x225.jpg 300w, https:\/\/3drink.asia\/wp-content\/uploads\/2025\/09\/IMG_8769-1024x768.jpg 1024w, https:\/\/3drink.asia\/wp-content\/uploads\/2025\/09\/IMG_8769-768x576.jpg 768w, https:\/\/3drink.asia\/wp-content\/uploads\/2025\/09\/IMG_8769-1536x1152.jpg 1536w, https:\/\/3drink.asia\/wp-content\/uploads\/2025\/09\/IMG_8769-2048x1536.jpg 2048w, https:\/\/3drink.asia\/wp-content\/uploads\/2025\/09\/IMG_8769-16x12.jpg 16w, https:\/\/3drink.asia\/wp-content\/uploads\/2025\/09\/IMG_8769-600x450.jpg 600w\" sizes=\"(max-width: 2560px) 100vw, 2560px\" \/> <img decoding=\"async\" class=\"alignnone wp-image-1834 size-full\" src=\"https:\/\/3drink.asia\/wp-content\/uploads\/2025\/09\/IMG_8793-scaled.jpg\" alt=\"\" width=\"2560\" height=\"1920\" srcset=\"https:\/\/3drink.asia\/wp-content\/uploads\/2025\/09\/IMG_8793-scaled.jpg 2560w, https:\/\/3drink.asia\/wp-content\/uploads\/2025\/09\/IMG_8793-300x225.jpg 300w, https:\/\/3drink.asia\/wp-content\/uploads\/2025\/09\/IMG_8793-1024x768.jpg 1024w, https:\/\/3drink.asia\/wp-content\/uploads\/2025\/09\/IMG_8793-768x576.jpg 768w, https:\/\/3drink.asia\/wp-content\/uploads\/2025\/09\/IMG_8793-1536x1152.jpg 1536w, https:\/\/3drink.asia\/wp-content\/uploads\/2025\/09\/IMG_8793-2048x1536.jpg 2048w, https:\/\/3drink.asia\/wp-content\/uploads\/2025\/09\/IMG_8793-16x12.jpg 16w, https:\/\/3drink.asia\/wp-content\/uploads\/2025\/09\/IMG_8793-600x450.jpg 600w\" sizes=\"(max-width: 2560px) 100vw, 2560px\" \/> <img loading=\"lazy\" decoding=\"async\" class=\"alignnone wp-image-1835 size-full\" src=\"https:\/\/3drink.asia\/wp-content\/uploads\/2025\/09\/IMG_8812-1-scaled.jpg\" alt=\"\" width=\"2560\" height=\"1920\" srcset=\"https:\/\/3drink.asia\/wp-content\/uploads\/2025\/09\/IMG_8812-1-scaled.jpg 2560w, https:\/\/3drink.asia\/wp-content\/uploads\/2025\/09\/IMG_8812-1-300x225.jpg 300w, https:\/\/3drink.asia\/wp-content\/uploads\/2025\/09\/IMG_8812-1-1024x768.jpg 1024w, https:\/\/3drink.asia\/wp-content\/uploads\/2025\/09\/IMG_8812-1-768x576.jpg 768w, https:\/\/3drink.asia\/wp-content\/uploads\/2025\/09\/IMG_8812-1-1536x1152.jpg 1536w, https:\/\/3drink.asia\/wp-content\/uploads\/2025\/09\/IMG_8812-1-2048x1536.jpg 2048w, https:\/\/3drink.asia\/wp-content\/uploads\/2025\/09\/IMG_8812-1-16x12.jpg 16w, https:\/\/3drink.asia\/wp-content\/uploads\/2025\/09\/IMG_8812-1-600x450.jpg 600w\" sizes=\"(max-width: 2560px) 100vw, 2560px\" \/> <img loading=\"lazy\" decoding=\"async\" class=\"alignnone wp-image-1836 size-full\" src=\"https:\/\/3drink.asia\/wp-content\/uploads\/2025\/09\/\u745e\u5ca9\u30fb\u7d05\u6c34\u97fb-JPG.1-1.jpeg\" alt=\"\" width=\"1684\" height=\"1190\" srcset=\"https:\/\/3drink.asia\/wp-content\/uploads\/2025\/09\/\u745e\u5ca9\u30fb\u7d05\u6c34\u97fb-JPG.1-1.jpeg 1684w, https:\/\/3drink.asia\/wp-content\/uploads\/2025\/09\/\u745e\u5ca9\u30fb\u7d05\u6c34\u97fb-JPG.1-1-300x212.jpeg 300w, https:\/\/3drink.asia\/wp-content\/uploads\/2025\/09\/\u745e\u5ca9\u30fb\u7d05\u6c34\u97fb-JPG.1-1-1024x724.jpeg 1024w, https:\/\/3drink.asia\/wp-content\/uploads\/2025\/09\/\u745e\u5ca9\u30fb\u7d05\u6c34\u97fb-JPG.1-1-768x543.jpeg 768w, https:\/\/3drink.asia\/wp-content\/uploads\/2025\/09\/\u745e\u5ca9\u30fb\u7d05\u6c34\u97fb-JPG.1-1-1536x1085.jpeg 1536w, https:\/\/3drink.asia\/wp-content\/uploads\/2025\/09\/\u745e\u5ca9\u30fb\u7d05\u6c34\u97fb-JPG.1-1-18x12.jpeg 18w, https:\/\/3drink.asia\/wp-content\/uploads\/2025\/09\/\u745e\u5ca9\u30fb\u7d05\u6c34\u97fb-JPG.1-1-600x424.jpeg 600w\" sizes=\"(max-width: 1684px) 100vw, 1684px\" \/><\/p>","protected":false},"excerpt":{"rendered":"<div data-elementor-type=\"container\" data-elementor-id=\"1812\" class=\"elementor elementor-1812\" data-elementor-post-type=\"elementor_library\">\n<div class=\"elementor-element elementor-element-1a273d83 e-con-full e-flex e-con e-parent\" data-id=\"1a273d83\" data-element_type=\"container\" data-e-type=\"container\" data-settings=\"{&quot;background_background&quot;:&quot;classic&quot;}\">\n<div class=\"elementor-element elementor-element-48c24ae8 e-flex e-con-boxed e-con e-child\" data-id=\"48c24ae8\" data-element_type=\"container\" data-e-type=\"container\">\n<div class=\"e-con-inner\">\n<div class=\"elementor-element elementor-element-346e50af elementor-widget elementor-widget-text-editor\" data-id=\"346e50af\" data-element_type=\"widget\" data-e-type=\"widget\" data-widget_type=\"text-editor.default\">\n<p><strong>Tea Tasting Notes<\/strong>\uff1a<\/p>\n<p>\"The rosy tea soup, inheriting the past and passing it down to the present, retains a touch of the charm of time.\"<\/p>\n<\/p><\/div>\n<div class=\"elementor-element elementor-element-540ee89c elementor-icon-list--layout-inline elementor-align-start elementor-list-item-link-full_width elementor-widget elementor-widget-icon-list\" data-id=\"540ee89c\" data-element_type=\"widget\" data-e-type=\"widget\" data-widget_type=\"icon-list.default\">\n<ul class=\"elementor-icon-list-items elementor-inline-items\">\n<li class=\"elementor-icon-list-item elementor-inline-item\">\n\t\t\t\t\t\t\t\t\t\t<span class=\"elementor-icon-list-text\"><b>Place of origin<\/b><\/span>\n\t\t\t\t\t\t\t\t\t<\/li>\n<li class=\"elementor-icon-list-item elementor-inline-item\">\n\t\t\t\t\t\t\t\t\t\t<span class=\"elementor-icon-list-text\">Nantou, Lixing, and Ruiyan (elevation 1300-1600m)     <\/span>\n\t\t\t\t\t\t\t\t\t<\/li>\n<\/ul><\/div>\n<div class=\"elementor-element elementor-element-516faa54 elementor-icon-list--layout-inline elementor-align-start elementor-list-item-link-full_width elementor-widget elementor-widget-icon-list\" data-id=\"516faa54\" data-element_type=\"widget\" data-e-type=\"widget\" data-widget_type=\"icon-list.default\">\n<ul class=\"elementor-icon-list-items elementor-inline-items\">\n<li class=\"elementor-icon-list-item elementor-inline-item\">\n\t\t\t\t\t\t\t\t\t\t<span class=\"elementor-icon-list-text\"><b>Varieties<\/b><\/span>\n\t\t\t\t\t\t\t\t\t<\/li>\n<li class=\"elementor-icon-list-item elementor-inline-item\">\n\t\t\t\t\t\t\t\t\t\t<span class=\"elementor-icon-list-text\">Hand-picked. Green-hearted black.<\/span>\n\t\t\t\t\t\t\t\t\t<\/li>\n<\/ul><\/div>\n<div class=\"elementor-element elementor-element-464753d8 e-con-full e-flex e-con e-child\" data-id=\"464753d8\" data-element_type=\"container\" data-e-type=\"container\">\n<div class=\"elementor-element elementor-element-3b5fc326 elementor-icon-list--layout-inline elementor-align-start elementor-widget__width-initial elementor-list-item-link-full_width elementor-widget elementor-widget-icon-list\" data-id=\"3b5fc326\" data-element_type=\"widget\" data-e-type=\"widget\" data-widget_type=\"icon-list.default\">\n<ul class=\"elementor-icon-list-items elementor-inline-items\">\n<li class=\"elementor-icon-list-item elementor-inline-item\">\n\t\t\t\t\t\t\t\t\t\t<span class=\"elementor-icon-list-text\"><b>Fermentation degree<\/b><\/span>\n\t\t\t\t\t\t\t\t\t<\/li>\n<li class=\"elementor-icon-list-item elementor-inline-item\">\n\t\t\t\t\t\t\t\t\t\t<span class=\"elementor-icon-list-text\"><\/span>\n\t\t\t\t\t\t\t\t\t<\/li>\n<\/ul><\/div>\n<div class=\"elementor-element elementor-element-12754054 elementor-widget__width-initial elementor-absolute elementor-widget elementor-widget-image\" data-id=\"12754054\" data-element_type=\"widget\" data-e-type=\"widget\" data-settings=\"{&quot;_position&quot;:&quot;absolute&quot;}\" data-widget_type=\"image.default\">\n\t\t\t\t\t\t\t\t\t\t\t\t\t\t\t<img loading=\"lazy\" decoding=\"async\" width=\"425\" height=\"81\" src=\"https:\/\/3drink.asia\/wp-content\/uploads\/2025\/09\/\u767c\u9175\u5ea64.png\" class=\"attachment-full size-full wp-image-1816\" alt=\"\" srcset=\"https:\/\/3drink.asia\/wp-content\/uploads\/2025\/09\/\u767c\u9175\u5ea64.png 425w, https:\/\/3drink.asia\/wp-content\/uploads\/2025\/09\/\u767c\u9175\u5ea64-300x57.png 300w, https:\/\/3drink.asia\/wp-content\/uploads\/2025\/09\/\u767c\u9175\u5ea64-18x3.png 18w\" sizes=\"(max-width: 425px) 100vw, 425px\" \/>\t\t\t\t\t\t\t\t\t\t\t\t\t\t\t<\/div>\n<div class=\"elementor-element elementor-element-479a8d1 elementor-widget__width-initial elementor-absolute elementor-widget elementor-widget-image\" data-id=\"479a8d1\" data-element_type=\"widget\" data-e-type=\"widget\" data-settings=\"{&quot;_position&quot;:&quot;absolute&quot;}\" data-widget_type=\"image.default\">\n\t\t\t\t\t\t\t\t\t\t\t\t\t\t\t<img loading=\"lazy\" decoding=\"async\" width=\"81\" height=\"81\" src=\"https:\/\/3drink.asia\/wp-content\/uploads\/2025\/09\/\u767c\u9175\u5ea60.5.png\" class=\"attachment-full size-full wp-image-1817\" alt=\"\" srcset=\"https:\/\/3drink.asia\/wp-content\/uploads\/2025\/09\/\u767c\u9175\u5ea60.5.png 81w, https:\/\/3drink.asia\/wp-content\/uploads\/2025\/09\/\u767c\u9175\u5ea60.5-12x12.png 12w\" sizes=\"(max-width: 81px) 100vw, 81px\" \/>\t\t\t\t\t\t\t\t\t\t\t\t\t\t\t<\/div>\n<\/p><\/div>\n<div class=\"elementor-element elementor-element-752e63d6 elementor-icon-list--layout-inline elementor-align-start elementor-list-item-link-full_width elementor-widget elementor-widget-icon-list\" data-id=\"752e63d6\" data-element_type=\"widget\" data-e-type=\"widget\" data-widget_type=\"icon-list.default\">\n<ul class=\"elementor-icon-list-items elementor-inline-items\">\n<li class=\"elementor-icon-list-item elementor-inline-item\">\n\t\t\t\t\t\t\t\t\t\t<span class=\"elementor-icon-list-text\"><b>Baking level<\/b><\/span>\n\t\t\t\t\t\t\t\t\t<\/li>\n<li class=\"elementor-icon-list-item elementor-inline-item\">\n\t\t\t\t\t\t\t\t\t\t<span class=\"elementor-icon-list-text\"><\/span>\n\t\t\t\t\t\t\t\t\t<\/li>\n<\/ul><\/div>\n<div class=\"elementor-element elementor-element-98c15e elementor-icon-list--layout-inline elementor-align-start elementor-list-item-link-full_width elementor-widget elementor-widget-icon-list\" data-id=\"98c15e\" data-element_type=\"widget\" data-e-type=\"widget\" data-widget_type=\"icon-list.default\">\n<ul class=\"elementor-icon-list-items elementor-inline-items\">\n<li class=\"elementor-icon-list-item elementor-inline-item\">\n\t\t\t\t\t\t\t\t\t\t<span class=\"elementor-icon-list-text\"><b>Manufacturing method<\/b><\/span>\n\t\t\t\t\t\t\t\t\t<\/li>\n<li class=\"elementor-icon-list-item elementor-inline-item\">\n\t\t\t\t\t\t\t\t\t\t<span class=\"elementor-icon-list-text\">Ripe Aroma Spherical Oolong<\/span>\n\t\t\t\t\t\t\t\t\t<\/li>\n<\/ul><\/div>\n<div class=\"elementor-element elementor-element-29196deb elementor-icon-list--layout-inline elementor-align-start elementor-list-item-link-full_width elementor-widget elementor-widget-icon-list\" data-id=\"29196deb\" data-element_type=\"widget\" data-e-type=\"widget\" data-widget_type=\"icon-list.default\">\n<ul class=\"elementor-icon-list-items elementor-inline-items\">\n<li class=\"elementor-icon-list-item elementor-inline-item\">\n\t\t\t\t\t\t\t\t\t\t<span class=\"elementor-icon-list-text\"><b>Flavor<\/b><\/span>\n\t\t\t\t\t\t\t\t\t<\/li>\n<li class=\"elementor-icon-list-item elementor-inline-item\">\n\t\t\t\t\t\t\t\t\t\t<span class=\"elementor-icon-list-text\">The tea soup is reddish-brown like amber, with an aroma that is somewhere between a light ripe fruit fragrance and a malt sugar fragrance. The taste is smooth and tender on the palate, with a mellow and sweet aftertaste. The finish carries the lingering aroma of tea left by the ancient method, bringing joy to the heart.<\/span>\n\t\t\t\t\t\t\t\t\t<\/li>\n<\/ul><\/div>\n<div class=\"elementor-element elementor-element-5e29ed0 elementor-icon-list--layout-inline elementor-align-start elementor-list-item-link-full_width elementor-widget elementor-widget-icon-list\" data-id=\"5e29ed0\" data-element_type=\"widget\" data-e-type=\"widget\" data-widget_type=\"icon-list.default\">\n<ul class=\"elementor-icon-list-items elementor-inline-items\">\n<li class=\"elementor-icon-list-item elementor-inline-item\">\n\t\t\t\t\t\t\t\t\t\t<span class=\"elementor-icon-list-text\"><b>feature<\/b><\/span>\n\t\t\t\t\t\t\t\t\t<\/li>\n<li class=\"elementor-icon-list-item elementor-inline-item\">\n\t\t\t\t\t\t\t\t\t\t<span class=\"elementor-icon-list-text\">Nurtured by virgin forests, shrouded in mist day and night, the tea trees absorb the essence of the valley, creating a pure and unpolluted ecosystem.<\/span>\n\t\t\t\t\t\t\t\t\t<\/li>\n<\/ul><\/div>\n<div class=\"elementor-element elementor-element-6739e48 elementor-icon-list--layout-inline elementor-align-start elementor-list-item-link-full_width elementor-widget elementor-widget-icon-list\" data-id=\"6739e48\" data-element_type=\"widget\" data-e-type=\"widget\" data-widget_type=\"icon-list.default\">\n<ul class=\"elementor-icon-list-items elementor-inline-items\">\n<li class=\"elementor-icon-list-item elementor-inline-item\">\n\t\t\t\t\t\t\t\t\t\t<span class=\"elementor-icon-list-text\"><b>origin of name<\/b><\/span>\n\t\t\t\t\t\t\t\t\t<\/li>\n<li class=\"elementor-icon-list-item elementor-inline-item\">\n\t\t\t\t\t\t\t\t\t\t<span class=\"elementor-icon-list-text\">Hongshui Oolong (Taiwanese: \u00e2ng-tsu\u00ed-oo-li\u00f4ng), also known as \"Hongshui Guanyin,\" is a traditional Taiwanese oolong tea made using a highly skilled process. It is produced from mature tea leaves, undergoing medium to heavy fermentation and light roasting, resulting in a golden to reddish-brown tea liquor. Its distinctive features include a blend of fruity and floral aromas, a deep and lingering aftertaste, and a rich, aged character, making it suitable for long-term aging.<\/span>\n\t\t\t\t\t\t\t\t\t<\/li>\n<\/ul><\/div>\n<\/p><\/div>\n<\/p><\/div>\n<\/p><\/div>\n<\/p><\/div>","protected":false},"featured_media":1831,"comment_status":"open","ping_status":"closed","template":"","meta":[],"product_brand":[],"product_cat":[26],"product_tag":[],"class_list":{"0":"post-1811","1":"product","2":"type-product","3":"status-publish","4":"has-post-thumbnail","6":"product_cat-26","8":"first","9":"instock","10":"shipping-taxable","11":"purchasable","12":"product-type-variable"},"_links":{"self":[{"href":"https:\/\/3drink.asia\/eng\/wp-json\/wp\/v2\/product\/1811","targetHints":{"allow":["GET"]}}],"collection":[{"href":"https:\/\/3drink.asia\/eng\/wp-json\/wp\/v2\/product"}],"about":[{"href":"https:\/\/3drink.asia\/eng\/wp-json\/wp\/v2\/types\/product"}],"replies":[{"embeddable":true,"href":"https:\/\/3drink.asia\/eng\/wp-json\/wp\/v2\/comments?post=1811"}],"wp:featuredmedia":[{"embeddable":true,"href":"https:\/\/3drink.asia\/eng\/wp-json\/wp\/v2\/media\/1831"}],"wp:attachment":[{"href":"https:\/\/3drink.asia\/eng\/wp-json\/wp\/v2\/media?parent=1811"}],"wp:term":[{"taxonomy":"product_brand","embeddable":true,"href":"https:\/\/3drink.asia\/eng\/wp-json\/wp\/v2\/product_brand?post=1811"},{"taxonomy":"product_cat","embeddable":true,"href":"https:\/\/3drink.asia\/eng\/wp-json\/wp\/v2\/product_cat?post=1811"},{"taxonomy":"product_tag","embeddable":true,"href":"https:\/\/3drink.asia\/eng\/wp-json\/wp\/v2\/product_tag?post=1811"}],"curies":[{"name":"wp","href":"https:\/\/api.w.org\/{rel}","templated":true}]}}